{"id":13080,"date":"2022-03-29T11:03:40","date_gmt":"2022-03-29T09:03:40","guid":{"rendered":"http:\/\/carneco.ch\/postes-vacants\/"},"modified":"2022-05-07T03:52:35","modified_gmt":"2022-05-07T01:52:35","slug":"postes-vacants","status":"publish","type":"page","link":"https:\/\/carneco.ch\/fr\/postes-vacants\/","title":{"rendered":"Postes vacants"},"content":{"rendered":"<div class=\"wpb-content-wrapper\"><p>[vc_row full_width=\u00a0\u00bbstretch_row_content\u00a0\u00bb css=\u00a0\u00bb.vc_custom_1649064193232{background-position: center !important;background-repeat: no-repeat !important;background-size: cover !important;}\u00a0\u00bb][vc_column]<div class=\"slider-zoom  zoom-default  zoom-style-default  zoom-origin-center-center  ltx-zs-overlay-black  bullets-false  zoom-content-effect-fade-top  zoom-arrows-true  zoom-margin-top \" id=\"like_sc_zoom_slider_1995503701\" data-zs-prev=\"\" data-zs-next=\"\" data-zs-overlay=\"black\" data-zs-initzoom=\"1.2\" data-zs-speed=\"20000\" data-zs-interval=\"6000\" data-zs-switchSpeed=\"7000\" data-zs-arrows=\"true\" data-zs-bullets=\"false\" data-zs-src='[&#34;https:\\\/\\\/carneco.ch\\\/wp-content\\\/uploads\\\/2018\\\/02\\\/blog_04.jpg&#34;]'><div class=\"container ltx-zs-slider-wrapper\"><div class=\"ltx-zs-slider-inner  inited visible  ltx-zs-slide-0\" data-index=\"0\"><div class=\"wpb-content-wrapper\"><p>[vc_row content_placement=\u00a0\u00bbbottom\u00a0\u00bb text_align=\u00a0\u00bbcenter\u00a0\u00bb][vc_column css_animation=\u00a0\u00bbfadeIn\u00a0\u00bb offset=\u00a0\u00bbvc_col-lg-12 vc_col-md-12&Prime;]<div class=\"es-resp\">\t<div class=\"visible-xl\" style=\"height: 150px;\"><\/div>\t<div class=\"hidden-xl hidden-md hidden-sm hidden-ms hidden-xs\" style=\"height: 150px;\"><\/div>\t<div class=\"visible-md\" style=\"height: 100px;\"><\/div>\t<div class=\"visible-sm \" style=\"height: 100px;\"><\/div>\t<div class=\"visible-ms\" style=\"height: 100px;\"><\/div>\t<div class=\"visible-xs\" style=\"height: 100px;\"><\/div><\/div><div class=\"heading heading-large default align-center color-white subcolor-second transform-default icon-type-hidden heading-tag-h2\" id=\"like_sc_header_1739784305\"><a href=\"#kontakt\"><h2 data-text=\"Nous vous cherchons!\" class=\"header \">Nous vous cherchons!<\/h2><\/a><\/div><div class=\"es-resp\">\t<div class=\"visible-xl\" style=\"height: 60px;\"><\/div>\t<div class=\"hidden-xl hidden-md hidden-sm hidden-ms hidden-xs\" style=\"height: 60px;\"><\/div>\t<div class=\"visible-md\" style=\"height: 60px;\"><\/div>\t<div class=\"visible-sm \" style=\"height: 60px;\"><\/div>\t<div class=\"visible-ms\" style=\"height: 48px;\"><\/div>\t<div class=\"visible-xs\" style=\"height: 48px;\"><\/div><\/div><div class=\"es-resp\">\t<div class=\"visible-xl\" style=\"height: 100px;\"><\/div>\t<div class=\"hidden-xl hidden-md hidden-sm hidden-ms hidden-xs\" style=\"height: 100px;\"><\/div>\t<div class=\"visible-md\" style=\"height: 180px;\"><\/div>\t<div class=\"visible-sm \" style=\"height: 180px;\"><\/div>\t<div class=\"visible-ms\" style=\"height: 180px;\"><\/div>\t<div class=\"visible-xs\" style=\"height: 180px;\"><\/div><\/div><div class=\"es-resp\">\t<div class=\"visible-xl\" style=\"height: 100px;\"><\/div>\t<div class=\"hidden-xl hidden-md hidden-sm hidden-ms hidden-xs\" style=\"height: 100px;\"><\/div>\t<div class=\"visible-md\" style=\"height: 180px;\"><\/div>\t<div class=\"visible-sm \" style=\"height: 180px;\"><\/div>\t<div class=\"visible-ms\" style=\"height: 180px;\"><\/div>\t<div class=\"visible-xs\" style=\"height: 180px;\"><\/div><\/div>[\/vc_column][\/vc_row]<\/p>\n<\/div><\/div><\/div><\/div>[vc_empty_space height=\u00a0\u00bb120&Prime;][\/vc_column][\/vc_row][vc_row][vc_column text_align=\u00a0\u00bbcenter\u00a0\u00bb theme_section=\u00a0\u00bbdisplaced-top\u00a0\u00bb]<div class=\"btn-wrap align-center\">\r\n\t<a href=\"https:\/\/carneco.ch\/fr\/\"  class=\"btn  btn-lg btn-main color-hover-default align-center\" id=\"like_sc_button_1931926125\">Home<\/a><\/div>[vc_empty_space height=\u00a0\u00bb120&Prime;][\/vc_column][\/vc_row][vc_row][vc_column width=\u00a0\u00bb2\/3&Prime; css=\u00a0\u00bb.vc_custom_1649063249615{margin-right: 20px !important;}\u00a0\u00bb][vc_column_text]<\/p>\n<p style=\"text-align: left;\"><span style=\"font-size: 18pt;\">Carneco SA est une entreprise jeune et dynamique de commerce de viande dans toutes les esp\u00e8ces animales. Pour renforcer notre \u00e9quipe, nous recherchons de suite ou \u00e0 convenir:<\/span><\/p>\n<p>[\/vc_column_text][vc_empty_space height=\u00a0\u00bb20&Prime;]<div class=\"heading header-subheader align-left subcolor-main transform-default has-subheader theme-icon-second icon-type-hidden heading-tag-h2\" id=\"like_sc_header_1361003425\"><h6 class=\"subheader ltx-sr-id-like_sc_header_13610034251936554672 ltx-sr ltx-sr-effect-slide_from_bottom ltx-sr-el-block ltx-sr-delay-200 ltx-sr-duration-500 ltx-sr-sequences-50\">50-100%<\/h6><h2 data-text=\"T\u00e9l\u00e9vendeur\/se viande&lt;br \/&gt;\n(membre de la direction)\" class=\"header ltx-sr-id-like_sc_header_1361003425982451250 ltx-sr ltx-sr-effect-fade_in ltx-sr-el-block ltx-sr-delay-0 ltx-sr-duration-1000 ltx-sr-sequences-0\">T\u00e9l\u00e9vendeur\/se viande<br \/>\n(membre de la direction)<\/h2><\/div>[vc_empty_space height=\u00a0\u00bb80&Prime;][vc_column_text]<span style=\"font-size: 14pt;\"><strong>Lieu de travail<\/strong><\/span><\/p>\n<ul>\n<li><span style=\"font-size: 14pt;\">6214 Schenkon, possibilit\u00e9 de travailler \u00e0 domicile<\/span><\/li>\n<\/ul>\n<p><span style=\"font-size: 14pt;\"><strong><br \/>\nVos t\u00e2ches comprennent<\/strong><\/span><\/p>\n<ul>\n<li><span style=\"font-size: 14pt;\">Suivi actif de la client\u00e8le par t\u00e9l\u00e9phone et vente de viande<\/span><\/li>\n<li><span style=\"font-size: 14pt;\">Prospection r\u00e9guli\u00e8re du march\u00e9 afin d&rsquo;acqu\u00e9rir de nouveaux clients<\/span><\/li>\n<li><span style=\"font-size: 14pt;\">Contr\u00f4le de la r\u00e9ception des marchandises <\/span><\/li>\n<\/ul>\n<p><span style=\"font-size: 14pt;\"><strong><br \/>\nCe que nous offrons<\/strong><\/span><\/p>\n<ul>\n<li><span style=\"font-size: 14pt;\">Une \u00e9quipe tr\u00e8s coll\u00e9giale et motiv\u00e9e<\/span><\/li>\n<li><span style=\"font-size: 14pt;\">Un travail responsable et ind\u00e9pendant<\/span><\/li>\n<li><span style=\"font-size: 14pt;\">Horaires de travail flexibles<\/span><\/li>\n<li><span style=\"font-size: 14pt;\">Possibilit\u00e9 de travailler \u00e0 domicile<\/span><\/li>\n<li><span style=\"font-size: 14pt;\">Excellente infrastructure avec de tr\u00e8s beaux bureaux<\/span><\/li>\n<li><span style=\"font-size: 14pt;\">Conditions d&#8217;embauche sup\u00e9rieures \u00e0 la moyenne<\/span><\/li>\n<\/ul>\n<p><span style=\"font-size: 14pt;\"><strong><br \/>\nProfil\/conditions pr\u00e9alables<\/strong><\/span><\/p>\n<ul>\n<li><span style=\"font-size: 14pt;\">Exp\u00e9rience dans la vente, id\u00e9alement dans l&rsquo;industrie alimentaire<\/span><\/li>\n<li><span style=\"font-size: 14pt;\">Formation commerciale de base<\/span><\/li>\n<li><span style=\"font-size: 14pt;\">\u00c9tudes ou formation continue dans la vente ou la gestion d&rsquo;entreprise<\/span><\/li>\n<li><span style=\"font-size: 14pt;\">Allemand parl\u00e9 et \u00e9crit<\/span><\/li>\n<li><span style=\"font-size: 14pt;\">Fran\u00e7ais \u00e0 l&rsquo;oral<\/span><\/li>\n<li><span style=\"font-size: 14pt;\">M\u00e9thode de travail ind\u00e9pendante, orient\u00e9e vers le client et la vente<\/span><\/li>\n<li><span style=\"font-size: 14pt;\">Personnalit\u00e9 spontan\u00e9e et ouverte d&rsquo;esprit, pr\u00eate \u00e0 prendre des d\u00e9cisions<\/span><\/li>\n<\/ul>\n<p>[\/vc_column_text][\/vc_column][vc_column width=\u00a0\u00bb1\/3&Prime; css=\u00a0\u00bb.vc_custom_1648546713704{background-color: #ededed !important;}\u00a0\u00bb][vc_single_image image=\u00a0\u00bb12991&Prime; img_size=\u00a0\u00bbfull\u00a0\u00bb alignment=\u00a0\u00bbcenter\u00a0\u00bb css=\u00a0\u00bb.vc_custom_1649065162493{margin-top: 15px !important;}\u00a0\u00bb][vc_empty_space][vc_column_text]<\/p>\n<p style=\"text-align: center;\"><span style=\"font-size: 14pt;\"><strong>Modalit\u00e9s de candidature<br \/>\n<\/strong>Nous nous r\u00e9jouissons de vous rencontrer personnellement!\u00a0Envoyez-nous votre dossier de candidature \u00e0 James Ineichen: <a href=\"mailto:james@carneco.ch\">james@carneco.ch<\/a><\/span><\/p>\n<p>[\/vc_column_text][vc_empty_space height=\u00a0\u00bb40&Prime;]<div class=\"btn-wrap align-center\">\r\n\t<a href=\"mailto:%20james@carneco.ch\"  class=\"btn  btn-lg btn-main color-hover-default align-center\" id=\"like_sc_button_2094199718\">Postuler maintenant<\/a><\/div>[vc_empty_space height=\u00a0\u00bb40&Prime;][vc_column_text]<\/p>\n<p style=\"text-align: center;\">Carneco SA, Grenzstrasse 3a, 6214 Schenkon<br \/>\nT\u00e9l\u00e9phone: 041 555 05 35, Mobile: 079 577 76 69<\/p>\n<p>[\/vc_column_text][vc_empty_space][\/vc_column][\/vc_row][vc_row][vc_column][vc_empty_space height=\u00a0\u00bb120&Prime;][\/vc_column][\/vc_row]<\/p>\n<\/div>","protected":false},"excerpt":{"rendered":"<p>[vc_row full_width=\u00a0\u00bbstretch_row_content\u00a0\u00bb css=\u00a0\u00bb.vc_custom_1649064193232{background-position: center !important;background-repeat: no-repeat !important;background-size: cover !important;}\u00a0\u00bb][vc_column][vc_empty_space height=\u00a0\u00bb120&Prime;][\/vc_column][\/vc_row][vc_row][vc_column text_align=\u00a0\u00bbcenter\u00a0\u00bb theme_section=\u00a0\u00bbdisplaced-top\u00a0\u00bb][vc_empty_space height=\u00a0\u00bb120&Prime;][\/vc_column][\/vc_row][vc_row][vc_column width=\u00a0\u00bb2\/3&Prime; css=\u00a0\u00bb.vc_custom_1649063249615{margin-right: 20px !important;}\u00a0\u00bb][vc_column_text] Carneco SA est une entreprise jeune et dynamique de commerce de viande dans toutes les esp\u00e8ces animales. Pour renforcer notre \u00e9quipe, nous recherchons de suite ou \u00e0 convenir: [\/vc_column_text][vc_empty_space height=\u00a0\u00bb20&Prime;][vc_empty_space height=\u00a0\u00bb80&Prime;][vc_column_text]Lieu de travail 6214 Schenkon, possibilit\u00e9 de travailler \u00e0 domicile Vos t\u00e2ches comprennent Suivi actif de la client\u00e8le par t\u00e9l\u00e9phone et vente de viande Prospection r\u00e9guli\u00e8re du march\u00e9 afin d&rsquo;acqu\u00e9rir de nouveaux clients Contr\u00f4le de la r\u00e9ception des marchandises Ce que nous offrons Une \u00e9quipe tr\u00e8s coll\u00e9giale et motiv\u00e9e Un travail responsable et ind\u00e9pendant Horaires de travail flexibles Possibilit\u00e9 de travailler \u00e0 domicile Excellente infrastructure avec de tr\u00e8s beaux bureaux Conditions d&#8217;embauche sup\u00e9rieures \u00e0 la moyenne Profil\/conditions pr\u00e9alables Exp\u00e9rience dans la vente, id\u00e9alement dans l&rsquo;industrie alimentaire Formation commerciale de base \u00c9tudes ou formation [&hellip;]<\/p>\n","protected":false},"author":1,"featured_media":0,"parent":0,"menu_order":0,"comment_status":"closed","ping_status":"closed","template":"","meta":{"_monsterinsights_skip_tracking":false,"_monsterinsights_sitenote_active":false,"_monsterinsights_sitenote_note":"","_monsterinsights_sitenote_category":0,"footnotes":""},"class_list":["post-13080","page","type-page","status-publish","hentry","has-post-thumbnail"],"_links":{"self":[{"href":"https:\/\/carneco.ch\/fr\/wp-json\/wp\/v2\/pages\/13080","targetHints":{"allow":["GET"]}}],"collection":[{"href":"https:\/\/carneco.ch\/fr\/wp-json\/wp\/v2\/pages"}],"about":[{"href":"https:\/\/carneco.ch\/fr\/wp-json\/wp\/v2\/types\/page"}],"author":[{"embeddable":true,"href":"https:\/\/carneco.ch\/fr\/wp-json\/wp\/v2\/users\/1"}],"replies":[{"embeddable":true,"href":"https:\/\/carneco.ch\/fr\/wp-json\/wp\/v2\/comments?post=13080"}],"version-history":[{"count":22,"href":"https:\/\/carneco.ch\/fr\/wp-json\/wp\/v2\/pages\/13080\/revisions"}],"predecessor-version":[{"id":13195,"href":"https:\/\/carneco.ch\/fr\/wp-json\/wp\/v2\/pages\/13080\/revisions\/13195"}],"wp:attachment":[{"href":"https:\/\/carneco.ch\/fr\/wp-json\/wp\/v2\/media?parent=13080"}],"curies":[{"name":"wp","href":"https:\/\/api.w.org\/{rel}","templated":true}]}}